{"id":36,"date":"2025-01-30T09:24:16","date_gmt":"2025-01-30T09:24:16","guid":{"rendered":"https:\/\/opendomo.org\/a-propos-de-nous\/"},"modified":"2025-01-30T14:00:27","modified_gmt":"2025-01-30T14:00:27","slug":"a-propos-de-nous","status":"publish","type":"page","link":"https:\/\/opendomo.org\/ro\/a-propos-de-nous\/","title":{"rendered":"Despre noi"},"content":{"rendered":"<p>Bine a\u021bi venit pe Opendomo.org, un spa\u021biu dedicat \u00een \u00eentregime pasiunii pentru mod\u0103 \u0219i \u00eembr\u0103c\u0103minte. Misiunea noastr\u0103 este s\u0103 explor\u0103m \u0219i s\u0103 \u00eemp\u0103rt\u0103\u0219im tot ce face lumea modei s\u0103 func\u021bioneze: de la tendin\u021be emergente la sfaturi pentru a-\u021bi afirma stilul. Credem c\u0103 moda este mai mult dec\u00e2t o simpl\u0103 alegere vestimentar\u0103 - este o form\u0103 de exprimare personal\u0103 \u0219i artistic\u0103.<\/p>\n<p><img loading=\"lazy\" decoding=\"async\" class=\"aligncenter wp-image-38 size-full\" src=\"https:\/\/opendomo.org\/wp-content\/uploads\/2025\/01\/photo-new.jpg\" alt=\"\" width=\"612\" height=\"408\" srcset=\"https:\/\/opendomo.org\/wp-content\/uploads\/2025\/01\/photo-new.jpg 612w, https:\/\/opendomo.org\/wp-content\/uploads\/2025\/01\/photo-new-300x200.jpg 300w\" sizes=\"auto, (max-width: 612px) 100vw, 612px\" \/><\/p>\n<h2>Ce ve\u021bi g\u0103si aici:<\/h2>\n<ul>\n<li><strong>Tendin\u021be actuale:<\/strong> Stilurile obligatorii ale sezonului, pentru a fi mereu la curent cu moda.<\/li>\n<li><strong>Ghiduri practice:<\/strong> Sfaturi simple pentru alegerea, combinarea \u0219i accesorizarea \u021binutelor tale.<\/li>\n<li><strong>Mod\u0103 etic\u0103:<\/strong> Descoper\u0103 m\u0103rci responsabile \u0219i sfaturi pentru o garderob\u0103 mai sustenabil\u0103.<\/li>\n<li><strong>Pove\u0219ti \u0219i inspira\u021bii:<\/strong> Inspir\u0103-te din pove\u0219tile creatorilor, interviuri \u0219i idei unice.<\/li>\n<\/ul>\n<p>Opendomo.org este un loc al descoperirii, inspira\u021biei \u0219i \u00eemp\u0103rt\u0103\u0219irii, conceput pentru oricine iube\u0219te s\u0103 exploreze \u0219i s\u0103 reinventeze stilul s\u0103u. Al\u0103tur\u0103-te comunit\u0103\u021bii noastre de pasiona\u021bi de mod\u0103 ast\u0103zi.<\/p>","protected":false},"excerpt":{"rendered":"<p>Bienvenue sur Opendomo.org, un espace enti\u00e8rement d\u00e9di\u00e9 \u00e0 la passion pour la mode et les v\u00eatements. Notre mission est d\u2019explorer et de partager tout ce qui fait vibrer le monde de la mode : des tendances \u00e9mergentes aux conseils pour&#8230; <a class=\"more-link\" href=\"https:\/\/opendomo.org\/ro\/a-propos-de-nous\/\">Continu\u0103 lectura &rarr;<\/a><\/p>","protected":false},"author":1,"featured_media":0,"parent":0,"menu_order":0,"comment_status":"closed","ping_status":"closed","template":"","meta":{"_acf_changed":false,"footnotes":""},"class_list":["post-36","page","type-page","status-publish","hentry"],"acf":[],"yoast_head":"<!-- This site is optimized with the Yoast SEO plugin v23.2 - https:\/\/yoast.com\/wordpress\/plugins\/seo\/ -->\n<title>\u00c0 propos de nous - Blog Mode Opendomo<\/title>\n<meta name=\"description\" content=\"D\u00e9couvrez Opendomo.org, un blog mode d\u00e9di\u00e9 aux tendances, conseils de style, mode \u00e9thique et inspirations pour tous les passionn\u00e9s.\" \/>\n<meta name=\"robots\" content=\"index, follow, max-snippet:-1, max-image-preview:large, max-video-preview:-1\" \/>\n<link rel=\"canonical\" href=\"https:\/\/opendomo.org\/ro\/a-propos-de-nous\/\" \/>\n<meta property=\"og:locale\" content=\"ro_RO\" \/>\n<meta property=\"og:type\" content=\"article\" \/>\n<meta property=\"og:title\" content=\"\u00c0 propos de nous - Blog Mode Opendomo\" \/>\n<meta property=\"og:description\" content=\"D\u00e9couvrez Opendomo.org, un blog mode d\u00e9di\u00e9 aux tendances, conseils de style, mode \u00e9thique et inspirations pour tous les passionn\u00e9s.\" \/>\n<meta property=\"og:url\" content=\"https:\/\/opendomo.org\/ro\/a-propos-de-nous\/\" \/>\n<meta property=\"og:site_name\" content=\"opendomo.org\" \/>\n<meta property=\"article:modified_time\" content=\"2025-01-30T14:00:27+00:00\" \/>\n<meta property=\"og:image\" content=\"https:\/\/opendomo.org\/wp-content\/uploads\/2025\/01\/photo-new.jpg\" \/>\n<meta name=\"twitter:card\" content=\"summary_large_image\" \/>\n<meta name=\"twitter:label1\" content=\"Timp estimat pentru citire\" \/>\n\t<meta name=\"twitter:data1\" content=\"2 minute\" \/>\n<script type=\"application\/ld+json\" class=\"yoast-schema-graph\">{\"@context\":\"https:\/\/schema.org\",\"@graph\":[{\"@type\":\"WebPage\",\"@id\":\"https:\/\/opendomo.org\/a-propos-de-nous\/\",\"url\":\"https:\/\/opendomo.org\/a-propos-de-nous\/\",\"name\":\"\u00c0 propos de nous - Blog Mode Opendomo\",\"isPartOf\":{\"@id\":\"https:\/\/opendomo.org\/#website\"},\"primaryImageOfPage\":{\"@id\":\"https:\/\/opendomo.org\/a-propos-de-nous\/#primaryimage\"},\"image\":{\"@id\":\"https:\/\/opendomo.org\/a-propos-de-nous\/#primaryimage\"},\"thumbnailUrl\":\"https:\/\/opendomo.org\/wp-content\/uploads\/2025\/01\/photo-new.jpg\",\"datePublished\":\"2025-01-30T09:24:16+00:00\",\"dateModified\":\"2025-01-30T14:00:27+00:00\",\"description\":\"D\u00e9couvrez Opendomo.org, un blog mode d\u00e9di\u00e9 aux tendances, conseils de style, mode \u00e9thique et inspirations pour tous les passionn\u00e9s.\",\"breadcrumb\":{\"@id\":\"https:\/\/opendomo.org\/a-propos-de-nous\/#breadcrumb\"},\"inLanguage\":\"ro-RO\",\"potentialAction\":[{\"@type\":\"ReadAction\",\"target\":[\"https:\/\/opendomo.org\/a-propos-de-nous\/\"]}]},{\"@type\":\"ImageObject\",\"inLanguage\":\"ro-RO\",\"@id\":\"https:\/\/opendomo.org\/a-propos-de-nous\/#primaryimage\",\"url\":\"https:\/\/opendomo.org\/wp-content\/uploads\/2025\/01\/photo-new.jpg\",\"contentUrl\":\"https:\/\/opendomo.org\/wp-content\/uploads\/2025\/01\/photo-new.jpg\"},{\"@type\":\"BreadcrumbList\",\"@id\":\"https:\/\/opendomo.org\/a-propos-de-nous\/#breadcrumb\",\"itemListElement\":[{\"@type\":\"ListItem\",\"position\":1,\"name\":\"Home\",\"item\":\"https:\/\/opendomo.org\/\"},{\"@type\":\"ListItem\",\"position\":2,\"name\":\"\u00c0 propos de nous\"}]},{\"@type\":\"WebSite\",\"@id\":\"https:\/\/opendomo.org\/#website\",\"url\":\"https:\/\/opendomo.org\/\",\"name\":\"opendomo.org\",\"description\":\"Mode et tendances \u2013 Conseils style et v\u00eatements\",\"potentialAction\":[{\"@type\":\"SearchAction\",\"target\":{\"@type\":\"EntryPoint\",\"urlTemplate\":\"https:\/\/opendomo.org\/?s={search_term_string}\"},\"query-input\":\"required name=search_term_string\"}],\"inLanguage\":\"ro-RO\"}]}<\/script>\n<!-- \/ Yoast SEO plugin. -->","yoast_head_json":{"title":"\u00c0 propos de nous - Blog Mode Opendomo","description":"D\u00e9couvrez Opendomo.org, un blog mode d\u00e9di\u00e9 aux tendances, conseils de style, mode \u00e9thique et inspirations pour tous les passionn\u00e9s.","robots":{"index":"index","follow":"follow","max-snippet":"max-snippet:-1","max-image-preview":"max-image-preview:large","max-video-preview":"max-video-preview:-1"},"canonical":"https:\/\/opendomo.org\/ro\/a-propos-de-nous\/","og_locale":"ro_RO","og_type":"article","og_title":"\u00c0 propos de nous - Blog Mode Opendomo","og_description":"D\u00e9couvrez Opendomo.org, un blog mode d\u00e9di\u00e9 aux tendances, conseils de style, mode \u00e9thique et inspirations pour tous les passionn\u00e9s.","og_url":"https:\/\/opendomo.org\/ro\/a-propos-de-nous\/","og_site_name":"opendomo.org","article_modified_time":"2025-01-30T14:00:27+00:00","og_image":[{"url":"https:\/\/opendomo.org\/wp-content\/uploads\/2025\/01\/photo-new.jpg"}],"twitter_card":"summary_large_image","twitter_misc":{"Timp estimat pentru citire":"2 minute"},"schema":{"@context":"https:\/\/schema.org","@graph":[{"@type":"WebPage","@id":"https:\/\/opendomo.org\/a-propos-de-nous\/","url":"https:\/\/opendomo.org\/a-propos-de-nous\/","name":"\u00c0 propos de nous - Blog Mode Opendomo","isPartOf":{"@id":"https:\/\/opendomo.org\/#website"},"primaryImageOfPage":{"@id":"https:\/\/opendomo.org\/a-propos-de-nous\/#primaryimage"},"image":{"@id":"https:\/\/opendomo.org\/a-propos-de-nous\/#primaryimage"},"thumbnailUrl":"https:\/\/opendomo.org\/wp-content\/uploads\/2025\/01\/photo-new.jpg","datePublished":"2025-01-30T09:24:16+00:00","dateModified":"2025-01-30T14:00:27+00:00","description":"D\u00e9couvrez Opendomo.org, un blog mode d\u00e9di\u00e9 aux tendances, conseils de style, mode \u00e9thique et inspirations pour tous les passionn\u00e9s.","breadcrumb":{"@id":"https:\/\/opendomo.org\/a-propos-de-nous\/#breadcrumb"},"inLanguage":"ro-RO","potentialAction":[{"@type":"ReadAction","target":["https:\/\/opendomo.org\/a-propos-de-nous\/"]}]},{"@type":"ImageObject","inLanguage":"ro-RO","@id":"https:\/\/opendomo.org\/a-propos-de-nous\/#primaryimage","url":"https:\/\/opendomo.org\/wp-content\/uploads\/2025\/01\/photo-new.jpg","contentUrl":"https:\/\/opendomo.org\/wp-content\/uploads\/2025\/01\/photo-new.jpg"},{"@type":"BreadcrumbList","@id":"https:\/\/opendomo.org\/a-propos-de-nous\/#breadcrumb","itemListElement":[{"@type":"ListItem","position":1,"name":"Home","item":"https:\/\/opendomo.org\/"},{"@type":"ListItem","position":2,"name":"\u00c0 propos de nous"}]},{"@type":"WebSite","@id":"https:\/\/opendomo.org\/#website","url":"https:\/\/opendomo.org\/","name":"opendomo.org","description":"Mode et tendances \u2013 Conseils style et v\u00eatements","potentialAction":[{"@type":"SearchAction","target":{"@type":"EntryPoint","urlTemplate":"https:\/\/opendomo.org\/?s={search_term_string}"},"query-input":"required name=search_term_string"}],"inLanguage":"ro-RO"}]}},"yoast_meta":{"yoast_wpseo_title":"","yoast_wpseo_metadesc":"","yoast_wpseo_canonical":"https:\/\/opendomo.org\/ro\/wp-json\/wp\/v2\/pages\/36"},"_links":{"self":[{"href":"https:\/\/opendomo.org\/ro\/wp-json\/wp\/v2\/pages\/36","targetHints":{"allow":["GET"]}}],"collection":[{"href":"https:\/\/opendomo.org\/ro\/wp-json\/wp\/v2\/pages"}],"about":[{"href":"https:\/\/opendomo.org\/ro\/wp-json\/wp\/v2\/types\/page"}],"author":[{"embeddable":true,"href":"https:\/\/opendomo.org\/ro\/wp-json\/wp\/v2\/users\/1"}],"replies":[{"embeddable":true,"href":"https:\/\/opendomo.org\/ro\/wp-json\/wp\/v2\/comments?post=36"}],"version-history":[{"count":1,"href":"https:\/\/opendomo.org\/ro\/wp-json\/wp\/v2\/pages\/36\/revisions"}],"predecessor-version":[{"id":39,"href":"https:\/\/opendomo.org\/ro\/wp-json\/wp\/v2\/pages\/36\/revisions\/39"}],"wp:attachment":[{"href":"https:\/\/opendomo.org\/ro\/wp-json\/wp\/v2\/media?parent=36"}],"curies":[{"name":"wp","href":"https:\/\/api.w.org\/{rel}","templated":true}]}}