{"id":37,"date":"2025-01-30T09:24:20","date_gmt":"2025-01-30T09:24:20","guid":{"rendered":"https:\/\/opendomo.org\/contacts\/"},"modified":"2025-02-03T13:19:26","modified_gmt":"2025-02-03T13:19:26","slug":"contacts","status":"publish","type":"page","link":"https:\/\/opendomo.org\/ro\/contacts\/","title":{"rendered":"Contacte"},"content":{"rendered":"<style>\n        body {<br \/>\n            font-family: Arial, sans-serif;<br \/>\n            line-height: 1.6;<br \/>\n            max-width: 800px;<br \/>\n            margin: 0 auto;<br \/>\n            padding: 20px;<br \/>\n        }<br \/>\n        .contact-container {<br \/>\n            display: grid;<br \/>\n            grid-template-columns: 1fr 1fr;<br \/>\n            gap: 30px;<br \/>\n            margin-top: 30px;<br \/>\n        }<br \/>\n        .contact-form {<br \/>\n            background: #f9f9f9;<br \/>\n            padding: 20px;<br \/>\n            border-radius: 8px;<br \/>\n        }<br \/>\n        .form-group {<br \/>\n            margin-bottom: 15px;<br \/>\n        }<br \/>\n        label {<br \/>\n            display: block;<br \/>\n            margin-bottom: 5px;<br \/>\n        }<br \/>\n        input, textarea {<br \/>\n            width: 100%;<br \/>\n            padding: 8px;<br \/>\n            border: 1px solid #ddd;<br \/>\n            border-radius: 4px;<br \/>\n        }<br \/>\n        button {<br \/>\n            background: #007bff;<br \/>\n            color: white;<br \/>\n            padding: 10px 20px;<br \/>\n            border: none;<br \/>\n            border-radius: 4px;<br \/>\n            cursor: pointer;<br \/>\n        }<br \/>\n        button:hover {<br \/>\n            background: #0056b3;<br \/>\n        }<br \/>\n    <\/style>\n<p><span style=\"color: var(--wp--preset--color--base); font-family: var(--wp--preset--font-family--inter); font-size: var(--wp--preset--font-size--large); background-color: var(--wp--preset--color--background);\">Program de lucru<\/span><\/p>\n<div class=\"contact-container\">\n<div class=\"contact-info\">\n<p>Luni \u2013 Vineri: 9:00 \u2013 18:00<br \/>\nS\u00e2mb\u0103t\u0103: 10:00 \u2013 16:00<br \/>\nDuminic\u0103: \u00cenchis<\/p>\n<h3>Contact<\/h3>\n<p>E-mail: contact@opendomo.org<\/p>\n<p>Pentru orice \u00eentreb\u0103ri legate de produsele \u0219i serviciile noastre, v\u0103 rug\u0103m s\u0103 nu ezita\u021bi s\u0103 ne contacta\u021bi. Echipa noastr\u0103 de exper\u021bi v\u0103 va r\u0103spunde cu pl\u0103cere c\u00e2t mai cur\u00e2nd posibil.<\/p>\n<\/div>\n<div class=\"contact-form\">\n<h2>Formular de contact<\/h2>\n<form action=\"#\" method=\"POST\" data-trp-original-action=\"#\">\n<div class=\"form-group\"><label for=\"nom\">Numele complet *<\/label><br \/>\n<input id=\"nom\" name=\"nom\" required=\"\" type=\"text\" \/><\/div>\n<div class=\"form-group\"><label for=\"email\">E-mail *<\/label><br \/>\n<input id=\"email\" name=\"email\" required=\"\" type=\"email\" \/><\/div>\n<div class=\"form-group\"><label for=\"sujet\">Subiect *<\/label><br \/>\n<input id=\"sujet\" name=\"sujet\" required=\"\" type=\"text\" \/><\/div>\n<div class=\"form-group\"><label for=\"message\">Mesaj *<\/label><br \/>\n<textarea id=\"message\" name=\"message\" required=\"\" rows=\"5\"><\/textarea><\/div>\n<p><button type=\"submit\">Trimite mesajul<\/button><\/p>\n<input type=\"hidden\" name=\"trp-form-language\" value=\"ro\"\/><\/form>\n<\/div>\n<\/div>\n<p>&nbsp;<\/p>","protected":false},"excerpt":{"rendered":"<p>Heures d&rsquo;ouverture Lundi &#8211; Vendredi : 9h00 &#8211; 18h00 Samedi : 10h00 &#8211; 16h00 Dimanche : Ferm\u00e9 Contact Email : contact@opendomo.org Pour toute question concernant nos produits et services, n&rsquo;h\u00e9sitez pas \u00e0 nous contacter. Notre \u00e9quipe d&rsquo;experts se fera un&#8230; <a class=\"more-link\" href=\"https:\/\/opendomo.org\/ro\/contacts\/\">Continu\u0103 lectura &rarr;<\/a><\/p>","protected":false},"author":1,"featured_media":0,"parent":0,"menu_order":0,"comment_status":"closed","ping_status":"closed","template":"","meta":{"_acf_changed":false,"footnotes":""},"class_list":["post-37","page","type-page","status-publish","hentry"],"acf":[],"yoast_head":"<!-- This site is optimized with the Yoast SEO plugin v23.2 - https:\/\/yoast.com\/wordpress\/plugins\/seo\/ -->\n<title>Contactez OpenDomo<\/title>\n<meta name=\"description\" content=\"Besoin d&#039;aide? Contactez l&#039;\u00e9quipe OpenDomo \u00e0 Paris pour toutes vos questions. Notre \u00e9quipe d&#039;experts est \u00e0 votre \u00e9coute.\" \/>\n<meta name=\"robots\" content=\"index, follow, max-snippet:-1, max-image-preview:large, max-video-preview:-1\" \/>\n<link rel=\"canonical\" href=\"https:\/\/opendomo.org\/ro\/contacts\/\" \/>\n<meta property=\"og:locale\" content=\"ro_RO\" \/>\n<meta property=\"og:type\" content=\"article\" \/>\n<meta property=\"og:title\" content=\"Contactez OpenDomo\" \/>\n<meta property=\"og:description\" content=\"Besoin d&#039;aide? Contactez l&#039;\u00e9quipe OpenDomo \u00e0 Paris pour toutes vos questions. Notre \u00e9quipe d&#039;experts est \u00e0 votre \u00e9coute.\" \/>\n<meta property=\"og:url\" content=\"https:\/\/opendomo.org\/ro\/contacts\/\" \/>\n<meta property=\"og:site_name\" content=\"opendomo.org\" \/>\n<meta property=\"article:modified_time\" content=\"2025-02-03T13:19:26+00:00\" \/>\n<meta name=\"twitter:card\" content=\"summary_large_image\" \/>\n<meta name=\"twitter:label1\" content=\"Timp estimat pentru citire\" \/>\n\t<meta name=\"twitter:data1\" content=\"1 minut\" \/>\n<script type=\"application\/ld+json\" class=\"yoast-schema-graph\">{\"@context\":\"https:\/\/schema.org\",\"@graph\":[{\"@type\":\"WebPage\",\"@id\":\"https:\/\/opendomo.org\/contacts\/\",\"url\":\"https:\/\/opendomo.org\/contacts\/\",\"name\":\"Contactez OpenDomo\",\"isPartOf\":{\"@id\":\"https:\/\/opendomo.org\/#website\"},\"datePublished\":\"2025-01-30T09:24:20+00:00\",\"dateModified\":\"2025-02-03T13:19:26+00:00\",\"description\":\"Besoin d'aide? Contactez l'\u00e9quipe OpenDomo \u00e0 Paris pour toutes vos questions. Notre \u00e9quipe d'experts est \u00e0 votre \u00e9coute.\",\"breadcrumb\":{\"@id\":\"https:\/\/opendomo.org\/contacts\/#breadcrumb\"},\"inLanguage\":\"ro-RO\",\"potentialAction\":[{\"@type\":\"ReadAction\",\"target\":[\"https:\/\/opendomo.org\/contacts\/\"]}]},{\"@type\":\"BreadcrumbList\",\"@id\":\"https:\/\/opendomo.org\/contacts\/#breadcrumb\",\"itemListElement\":[{\"@type\":\"ListItem\",\"position\":1,\"name\":\"Home\",\"item\":\"https:\/\/opendomo.org\/\"},{\"@type\":\"ListItem\",\"position\":2,\"name\":\"Contacts\"}]},{\"@type\":\"WebSite\",\"@id\":\"https:\/\/opendomo.org\/#website\",\"url\":\"https:\/\/opendomo.org\/\",\"name\":\"opendomo.org\",\"description\":\"Mode et tendances \u2013 Conseils style et v\u00eatements\",\"potentialAction\":[{\"@type\":\"SearchAction\",\"target\":{\"@type\":\"EntryPoint\",\"urlTemplate\":\"https:\/\/opendomo.org\/?s={search_term_string}\"},\"query-input\":\"required name=search_term_string\"}],\"inLanguage\":\"ro-RO\"}]}<\/script>\n<!-- \/ Yoast SEO plugin. -->","yoast_head_json":{"title":"Contactez OpenDomo","description":"Besoin d'aide? Contactez l'\u00e9quipe OpenDomo \u00e0 Paris pour toutes vos questions. Notre \u00e9quipe d'experts est \u00e0 votre \u00e9coute.","robots":{"index":"index","follow":"follow","max-snippet":"max-snippet:-1","max-image-preview":"max-image-preview:large","max-video-preview":"max-video-preview:-1"},"canonical":"https:\/\/opendomo.org\/ro\/contacts\/","og_locale":"ro_RO","og_type":"article","og_title":"Contactez OpenDomo","og_description":"Besoin d'aide? Contactez l'\u00e9quipe OpenDomo \u00e0 Paris pour toutes vos questions. Notre \u00e9quipe d'experts est \u00e0 votre \u00e9coute.","og_url":"https:\/\/opendomo.org\/ro\/contacts\/","og_site_name":"opendomo.org","article_modified_time":"2025-02-03T13:19:26+00:00","twitter_card":"summary_large_image","twitter_misc":{"Timp estimat pentru citire":"1 minut"},"schema":{"@context":"https:\/\/schema.org","@graph":[{"@type":"WebPage","@id":"https:\/\/opendomo.org\/contacts\/","url":"https:\/\/opendomo.org\/contacts\/","name":"Contactez OpenDomo","isPartOf":{"@id":"https:\/\/opendomo.org\/#website"},"datePublished":"2025-01-30T09:24:20+00:00","dateModified":"2025-02-03T13:19:26+00:00","description":"Besoin d'aide? Contactez l'\u00e9quipe OpenDomo \u00e0 Paris pour toutes vos questions. Notre \u00e9quipe d'experts est \u00e0 votre \u00e9coute.","breadcrumb":{"@id":"https:\/\/opendomo.org\/contacts\/#breadcrumb"},"inLanguage":"ro-RO","potentialAction":[{"@type":"ReadAction","target":["https:\/\/opendomo.org\/contacts\/"]}]},{"@type":"BreadcrumbList","@id":"https:\/\/opendomo.org\/contacts\/#breadcrumb","itemListElement":[{"@type":"ListItem","position":1,"name":"Home","item":"https:\/\/opendomo.org\/"},{"@type":"ListItem","position":2,"name":"Contacts"}]},{"@type":"WebSite","@id":"https:\/\/opendomo.org\/#website","url":"https:\/\/opendomo.org\/","name":"opendomo.org","description":"Mode et tendances \u2013 Conseils style et v\u00eatements","potentialAction":[{"@type":"SearchAction","target":{"@type":"EntryPoint","urlTemplate":"https:\/\/opendomo.org\/?s={search_term_string}"},"query-input":"required name=search_term_string"}],"inLanguage":"ro-RO"}]}},"yoast_meta":{"yoast_wpseo_title":"","yoast_wpseo_metadesc":"","yoast_wpseo_canonical":"https:\/\/opendomo.org\/ro\/wp-json\/wp\/v2\/pages\/37"},"_links":{"self":[{"href":"https:\/\/opendomo.org\/ro\/wp-json\/wp\/v2\/pages\/37","targetHints":{"allow":["GET"]}}],"collection":[{"href":"https:\/\/opendomo.org\/ro\/wp-json\/wp\/v2\/pages"}],"about":[{"href":"https:\/\/opendomo.org\/ro\/wp-json\/wp\/v2\/types\/page"}],"author":[{"embeddable":true,"href":"https:\/\/opendomo.org\/ro\/wp-json\/wp\/v2\/users\/1"}],"replies":[{"embeddable":true,"href":"https:\/\/opendomo.org\/ro\/wp-json\/wp\/v2\/comments?post=37"}],"version-history":[{"count":2,"href":"https:\/\/opendomo.org\/ro\/wp-json\/wp\/v2\/pages\/37\/revisions"}],"predecessor-version":[{"id":60,"href":"https:\/\/opendomo.org\/ro\/wp-json\/wp\/v2\/pages\/37\/revisions\/60"}],"wp:attachment":[{"href":"https:\/\/opendomo.org\/ro\/wp-json\/wp\/v2\/media?parent=37"}],"curies":[{"name":"wp","href":"https:\/\/api.w.org\/{rel}","templated":true}]}}